{"id":203,"date":"2024-02-15T16:06:31","date_gmt":"2024-02-15T19:06:31","guid":{"rendered":"https:\/\/cheiraceu.com.br\/?page_id=203"},"modified":"2024-03-10T19:53:27","modified_gmt":"2024-03-10T22:53:27","slug":"mesmerize","status":"publish","type":"page","link":"https:\/\/cheiraceu.com.br\/","title":{"rendered":"Front Page"},"content":{"rendered":"<div  data-label=\"Quem Somos\" data-id=\"features--1\" data-export-id=\"features-16\" data-category=\"features\" class=\"features-16 content-section content-section-spacing\" id=\"quem-somos\" style=\"background-color: rgb(245, 250, 253);\"><div  class=\"gridContainer\"> <div  class=\"row text-center\"><div  class=\"section-title-col\" data-type=\"column\"> <h2  class=\"\">Bikepark Para Todos!<\/h2> <p  class=\"lead\">Localizado no entorno de Sete Lagoas\/MG, o Bikepark Cheira C\u00e9u \u00e9 o destino ideal para os amantes do ciclismo e da aventura. Com trilhas desafiadoras, paisagens deslumbrantes e uma atmosfera acolhedora, oferecemos uma experi\u00eancia \u00fanica para ciclistas de todos os n\u00edveis.<\/p><\/div> <\/div> <div  class=\"row spaced-cols\" data-type=\"row\"> <div  class=\"col-xs-12 col-sm-6 col-md-4 space-bottom\"> <img  decoding=\"async\" class=\"face\" src=\"http:\/\/cheiraceu.com.br\/wp-content\/uploads\/2022\/06\/cropped-MG_29602.jpg\" title=\"cropped-MG_29602.jpg\" alt=\"\"> <div  data-type=\"column\" class=\"col-padding-small col-padding-small-xs description-container\"> <h4  class=\"font-500\">Bikepark GR\u00c1TIS<\/h4> <p  class=\"\">\u00c9 isso mesmo, apesar de toda estrutura e trilhas extremamente bem cuidadas, n\u00f3s n\u00e3o cobramos nada pela ultiliza\u00e7\u00e3o do bikepark. Acreditamos no desenvolvimento do esporte e na forma\u00e7\u00e3o de novos \u00eddolos, desta forma entendemos que proporcionar este benef\u00edcio \u00e9 o melhor modelo. Empresas parceiras ajudam financeiramente na manuten\u00e7\u00e3o das trilhas.<\/p> <\/div> <\/div> <div  class=\"col-xs-12 col-sm-6 col-md-4 space-bottom\"> <img  decoding=\"async\" class=\"face\" src=\"http:\/\/cheiraceu.com.br\/wp-content\/uploads\/2022\/06\/cropped-cropped-OFE_49202.jpg\" title=\"cropped-cropped-OFE_49202.jpg\" alt=\"\"> <div  data-type=\"column\" class=\"col-padding-small col-padding-small-xs description-container\"> <h4  class=\"font-500\">70+ KM de Trilhas<\/h4> <p  class=\"\">S\u00e3o mais de 70km de trilhas projetadas para se praticar o Mountain Bike na sua mais pura ess\u00eancia. Com um planejamento extremamente democr\u00e1tico e com o objetivo de atender desde o ciclista amador at\u00e9 o piloto profissional, o Cheira C\u00e9u Bikepark \u00e9 o lugar perfeito evoluir o n\u00edvel de pilotagem, e o mais importante, se divertir em cima da magrela.<\/p> <\/div> <\/div> <div  class=\"col-xs-12 col-sm-6 col-md-4 space-bottom\"> <img  decoding=\"async\" class=\"face\" src=\"http:\/\/cheiraceu.com.br\/wp-content\/uploads\/2024\/02\/cropped-39979426_10156099164358172_290798891148771328_n.jpg\" title=\"cropped-39979426_10156099164358172_290798891148771328_n.jpg\" alt=\"\"> <div  data-type=\"column\" class=\"col-padding-small col-padding-small-xs description-container\"> <h4  class=\"font-500\">Mapa das Trilhas \u2013 Trailforks<\/h4> <p  class=\"\">O Trailforks \u00e9 o principal aplicativo para mapeamento e gerenciamento de trilhas do mundo, com mais de 400 mil registros. Todas as nossa trilhas est\u00e3o devidamente cadastradas e categorizadas com rela\u00e7\u00e3o ao n\u00edvel t\u00e9cnico dentro da plataforma. Desta maneira \u00e9 poss\u00edvel navegar em tempo real pelo aplicativo sem se perder dentro do bikepark.<\/p> <a class=\"button blue\" href=\"https:\/\/www.trailforks.com\/region\/cheira-ceu-bikepark\" target=\"_blank\" data-cp-link=\"1\" rel=\"noopener\">Mapa das Trilhas<\/a><\/div> <\/div><\/div> <\/div><\/div><div  data-label=\"Como Chegar\" data-id=\"content--1\" data-export-id=\"content-8\" data-category=\"content\" class=\"content-8 content-section content-section-spacing\" id=\"como-chegar\" style=\"background-color: rgb(245, 250, 253);\"><div  class=\"gridContainer\"> <div  class=\"row middle-sm\"><div  class=\"col-sm-6 space-bottom-xs space-top-xs\" data-type=\"column\"> <img  decoding=\"async\" class=\"shadow-large\" src=\"http:\/\/cheiraceu.com.br\/wp-content\/uploads\/2024\/02\/cropped-6I2UVNYALRF2XHF4F6JA6IMTCA.jpg\" title=\"cropped-6I2UVNYALRF2XHF4F6JA6IMTCA.jpg\" alt=\"\"><\/div> <div  class=\"col-sm-6\" data-type=\"column\"><h2  class=\"\">Localiza\u00e7\u00e3o \u2013 Como Chegar<\/h2>  <p  class=\"\">O Bikepark fica na regi\u00e3o de Sete Lagoas, cerca de 90km da\ncapital Belo Horizonte. Por estar em uma zona rural e no entrocamento de 3\nmunic\u00edpios (Sete Lagoas, Inha\u00fama e Paraopeba), a melhor forma de chegar no\nCheira C\u00e9u Bikepark \u00e9 atrav\u00e9s do link abaixo do Google Maps. Durante o percurso haver\u00e3o tamb\u00e9m placas sinalizando o caminho correto.<\/p><a class=\"button color1\" href=\"https:\/\/maps.app.goo.gl\/ct6zF6xC1D7Lz5Mm7\" target=\"_blank\" data-cp-link=\"1\" rel=\"noopener\">LINK GOOGLE MAPS<\/a><\/div> <\/div><\/div> <\/div><div  data-label=\"Estrutura\" data-id=\"content--2\" data-export-id=\"content-7\" data-category=\"content\" class=\"content-7 content-section content-section-spacing\" id=\"estrutura\" style=\"background-color: rgb(245, 250, 253);\"><div  class=\"gridContainer\"> <div  class=\"row middle-sm\"><div  class=\"col-sm-6 space-bottom-xs\" data-type=\"column\"> <h2  class=\"\">Estrutura \u2013 S\u00edtio P\u00e9 da Serra<\/h2> <p  class=\"\">O S\u00edtio P\u00e9 da Serra \u00e9 nosso parceiro e faz toda a parte do receptivo do Bikepark. La existe uma \u00f3tima estrutura com \u00e1rea de estacionamento, banheiros, vesti\u00e1rios, lanchonete, \u00e1rea de camping e Internet Wi-Fi.\n<br ><br > Ap\u00f3s o pedal sempre tem uma cerveja gelada (ou gatorade), um maravilhoso pastel frito na hora ou almo\u00e7o de comida mineira (este precisa ser encomendado com o pessoal do s\u00edtio). Sempre com um atendimento extremamente acolhedor da Dona Aparecida e seus filhos.<\/p> <\/div> <div  class=\"col-sm-6\" data-type=\"column\"> <img  decoding=\"async\" class=\"shadow-large\" src=\"http:\/\/cheiraceu.com.br\/wp-content\/uploads\/2024\/02\/WhatsApp-Image-2024-02-15-at-19.57.32.jpeg\" title=\"WhatsApp Image 2024-02-15 at 19.57.32\" alt=\"\"><\/div> <\/div><\/div> <\/div><div  data-label=\"WhatsApp\" data-id=\"cta--1\" data-export-id=\"cta-blue-section\" data-category=\"cta\" class=\"cta-blue-section content-section content-section-spacing-medium bg-color1 white-text\" id=\"whatsapp\"><div  class=\"gridContainer\"> <div  class=\"row middle-xs\"><div  class=\"col-sm-8 space-bottom-xs\" data-type=\"column\"> <h2  class=\"\">Acesse o nosso grupo do WhatsApp<\/h2> <\/div> <div  class=\"col-sm-4 end-sm\" data-type=\"column\"> <a class=\"button color2\" href=\"https:\/\/chat.whatsapp.com\/IqCVePwni2qJpdF4NX7RBN\" target=\"_blank\" data-cp-link=\"1\" rel=\"noopener\">ENTRAR NO GRUPO<\/a><\/div> <\/div><\/div> <\/div><div  data-label=\"Hospedagem\" data-id=\"about--1\" data-export-id=\"about-10\" data-category=\"about\" class=\"about-10 content-section content-section-spacing\" id=\"hospedagem\" style=\"background-color: rgb(245, 250, 253); background-image: none;\"><div  class=\"gridContainer\"> <div  class=\"row middle-sm text-center\"><div  class=\"col-sm-5 space-bottom-xs content-column content-left-sm\" data-type=\"column\">  <h2  class=\"\">Hospedagem<\/h2> <p  class=\"\">Hotel Mirante \u2013 Inha\u00fama\/MG\n<br >(31) 99767-8036<br >13,4 km do Bikepark\n<br >Faz pre\u00e7o diferenciado para quem vai ao Cheira C\u00e9u\n<br ><br >Hotel Fazenda Coninho \u2013 Inha\u00fama\/MG\n<br >(31) 99876-5168\n<br >14,6 km do Bikepark\n<br ><br >Hotel Fazenda Pac\u00fa\n<br >(31) 98511-0427\n<br >12,4 km do Bikepark\n<br ><br >Hotel Tulip Inn \u2013 Sete Lagoas\/MG\n<br >(31) 3775-5350\n<br >24,7 km do Bikepark\n<br ><br >Hotel Fazenda Sert\u00e3o Veredas \u2013 Paraopeba\/MG\n<br >(31) 99965-0041\n<br >31,1 km do Bikepark\n<br ><br >\u00c1rea de Camping no Sitio P\u00e9 da Serra &#8211; Paraopeba\/MG<br >(31) 99852-9539\n<br >Dentro do Bikepark<br ><br >Caso as op\u00e7\u00f5es acima n\u00e3o estejam dispon\u00edveis, qualquer hotel em Sete Lagoas\/MG ser\u00e1 uma op\u00e7\u00e3o para se hospedar, pois estar\u00e1 a aproximadamente 25 minutos do Bikepark.<\/p> <\/div> <div  class=\"col-sm-7 flexbox middle-xs center-xs space-bottom-xs\"><div  class=\"overlay-box middle-xs center-xs flexbox\"> <div  class=\"overlay-box-offset shadow-medium border-color1 hide-xs offset-border\"><\/div> <img decoding=\"async\"  class=\"shadow-large\" data-size=\"485x705\" src=\"http:\/\/cheiraceu.com.br\/wp-content\/uploads\/2022\/06\/cropped-cropped-Screenshot_20220621-031255_Instagram-1-1.jpg\" title=\"cropped-cropped-Screenshot_20220621-031255_Instagram-1-1.jpg\" alt=\"\"><\/div> <\/div><\/div> <\/div><\/div>","protected":false},"excerpt":{"rendered":"<p>Bikepark Para Todos! Localizado no entorno de Sete Lagoas\/MG, o Bikepark Cheira C\u00e9u \u00e9 o destino ideal para os amantes do ciclismo e da aventura. Com trilhas desafiadoras, paisagens deslumbrantes e uma atmosfera acolhedora, oferecemos uma experi\u00eancia \u00fanica para ciclistas de todos os n\u00edveis. Bikepark GR\u00c1TIS \u00c9 isso mesmo, apesar de toda estrutura e trilhas&hellip; <br \/> <a class=\"read-more\" href=\"https:\/\/cheiraceu.com.br\/\">Leia mais<\/a><\/p>\n","protected":false},"author":1,"featured_media":0,"parent":0,"menu_order":0,"comment_status":"closed","ping_status":"closed","template":"page-templates\/homepage.php","meta":{"footnotes":""},"class_list":["post-203","page","type-page","status-publish","hentry"],"_links":{"self":[{"href":"https:\/\/cheiraceu.com.br\/index.php?rest_route=\/wp\/v2\/pages\/203","targetHints":{"allow":["GET"]}}],"collection":[{"href":"https:\/\/cheiraceu.com.br\/index.php?rest_route=\/wp\/v2\/pages"}],"about":[{"href":"https:\/\/cheiraceu.com.br\/index.php?rest_route=\/wp\/v2\/types\/page"}],"author":[{"embeddable":true,"href":"https:\/\/cheiraceu.com.br\/index.php?rest_route=\/wp\/v2\/users\/1"}],"replies":[{"embeddable":true,"href":"https:\/\/cheiraceu.com.br\/index.php?rest_route=%2Fwp%2Fv2%2Fcomments&post=203"}],"version-history":[{"count":28,"href":"https:\/\/cheiraceu.com.br\/index.php?rest_route=\/wp\/v2\/pages\/203\/revisions"}],"predecessor-version":[{"id":287,"href":"https:\/\/cheiraceu.com.br\/index.php?rest_route=\/wp\/v2\/pages\/203\/revisions\/287"}],"wp:attachment":[{"href":"https:\/\/cheiraceu.com.br\/index.php?rest_route=%2Fwp%2Fv2%2Fmedia&parent=203"}],"curies":[{"name":"wp","href":"https:\/\/api.w.org\/{rel}","templated":true}]}}